{"id":32,"date":"2015-07-01T02:11:26","date_gmt":"2015-07-01T02:11:26","guid":{"rendered":"http:\/\/themes.wplook.com\/health-medical\/?page_id=14"},"modified":"2024-08-11T09:17:39","modified_gmt":"2024-08-11T09:17:39","slug":"contact","status":"publish","type":"page","link":"http:\/\/domzdravljahn.me\/eng\/contact\/","title":{"rendered":"Contact"},"content":{"rendered":"<div class=\"row\">\n<div class=\"columns small-12\">\n<p class=\"lead\">Public health institution, Health center Herceg Novi<\/p>\n<p><!-- \/.lead --><\/p>\n<h4>Working hours: 07:00 &#8211; 21:00<\/h4>\n<p>1. The central building of the Health Center Herceg-Novi:<br \/>\n<span style=\"padding-left: 15px;\">Street: Nikole Ljubibratica 1<\/span><br \/>\n<span style=\"padding-left: 15px;\">Phone: 031 343-111<\/span><br \/>\n<span style=\"padding-left: 15px;\">Fax: 031 343-027<\/span><br \/>\n<span style=\"padding-left: 15px;\">Info pult &#8211; telefon\/Viber: 067\/743-444<\/span><\/p>\n<p>Department numbers:<br \/>\n<span style=\"padding-left: 15px;\">Call center &#8211; 110<\/span><br \/>\n<span style=\"padding-left: 15px;\">Internist Ambulance &#8211; 116<\/span><br \/>\n<span style=\"padding-left: 15px;\">RTG &#8211; 118<\/span><br \/>\n<span style=\"padding-left: 15px;\">Physical therapy &#8211; 119<\/span><br \/>\n<span style=\"padding-left: 15px;\">Department for Children and Youth &#8211; 123<\/span><br \/>\n<span style=\"padding-left: 15px;\">Department for Women &#8211; 125<\/span><br \/>\n<span style=\"padding-left: 15px;\">Microbiology &#8211; 126<\/span><br \/>\n<span style=\"padding-left: 15px;\">Laboratory &#8211; 146<\/span><br \/>\n<span style=\"padding-left: 15px;\">Department for Medicare &#8211; 149<\/span><br \/>\n<span style=\"padding-left: 15px;\">Department of General Medicine &#8211; 240<\/span><\/p>\n<p>2. Infirmary Igalo:<br \/>\n<span style=\"padding-left: 15px;\">Street: Norve\u0161ka 8<\/span><br \/>\n<span style=\"padding-left: 15px;\">Phone: 031\/331-333<\/span><\/p>\n<p>3. Infirmary Bijela:<br \/>\n<span style=\"padding-left: 15px;\">Street: Bijela b.b<\/span><br \/>\n<span style=\"padding-left: 15px;\">Phone: 031\/338-608<\/span><br \/>\n<span style=\"padding-left: 15px;\">Phone: 031\/671-708<\/span><\/p>\n<h4>Email addresses:<\/h4>\n<ul style=\"padding-bottom: 20px;\">\n<li>The cabinet of director: kabinet@domzdravljahn.me<\/li>\n<li>Director&#8217;s office: kabinet@domzdravljahn.me<\/li>\n<li>Assistant Director: pom.dir@domzdravljahn.me<\/li>\n<li>Secretary: sekretarica@domzdravljahn.me<\/li>\n<li>Technical department: &gt;tehnika@domzdravljahn.me<\/li>\n<li>Head of finance: seffinansija@domzdravljahn.me<\/li>\n<li>Financial department: finansije@domzdravljahn.me<\/li>\n<li>Accounting department: racunovodstvo@domzdravljahn.me<\/li>\n<li>The legal department: pravnik@domzdravljahn.me<\/li>\n<li>Head nurse: gl.sestra@domzdravljahn.me<\/li>\n<li>Prevention: prevencija@domzdravljahn.me<\/li>\n<li>Occupational medicine: medicina.rada@domzdravljahn.me<\/li>\n<li>Protector of patients&#8217; rights: zastitnik.prava.pacijenata@domzdravljahn.me<\/li>\n<\/ul>\n<h4>Phones:<\/h4>\n<p><b>Nurses of selected doctors:<\/b><\/p>\n<ul>\n<li>Patronage unit &#8211; 067\/604-464<\/li>\n<li>Hemodialysis department &#8211; 069\/307-093<\/li>\n<li>Chosen doctor for children &#8211; 069\/185-569<\/li>\n<li>Psychiatric infirmary &#8211; 069\/374-679<\/li>\n<\/ul>\n<p><b>Selected Adult Doctors:<\/b><\/p>\n<ul>\n<li>dr Zinaida Miljkovi\u0107 &#8211; 069\/374-677<\/li>\n<li>dr Vesna Kova\u010d &#8211; 067\/605-826<\/li>\n<li>dr Sanja \u010ceprni\u0107 &#8211; 067\/605-803<\/li>\n<li>dr Sanja Topi\u0107 &#8211; 067\/605-822<\/li>\n<li>dr Goran Komar &#8211; 067\/605-799<\/li>\n<li>dr Gor\u010din \u010cvorovi\u0107 &#8211; 067\/259-969<\/li>\n<li>dr Danka Krivokapi\u0107 &#8211; 067\/897-898<\/li>\n<li>dr Marija Stani\u0161i\u0107 &#8211; 067\/745-200<\/li>\n<li>dr Tanja Zgradi\u0107 &#8211; 067\/300-537<\/li>\n<li>dr Nemanja Rajkovi\u0107 &#8211; 067\/149-505<\/li>\n<li>dr Rosanda Boji\u010di\u0107 Deli\u0107 (in specialization)<\/li>\n<li>dr Nata\u0161a Milovi\u0107 (in specialization)<\/li>\n<li>dr Ksenija Vasileva 067\/605-509<\/li>\n<\/ul>\n<p><b>Infirmary Igalo<\/b>, selected Adult Doctors &#8211; 067\/300-553<\/p>\n<p><b>Infirmary Bijela<\/b><\/p>\n<ul>\n<li>Selected Adult Doctor &#8211; 067\/300-531<\/li>\n<li>Selected Adult Doctor &#8211; 067\/300-532<\/li>\n<\/ul>\n<p><b>Selected doctors for children<\/b><\/p>\n<ul>\n<li><strong>HPV vaccination contact phone 067\/725-111<\/strong><\/li>\n<li>Scheduling, interests, information every working day from 13-15:00 h for children aged 10-13.<\/li>\n<\/ul>\n<ul>\n<li>dr Maja Popovi\u0107 &#8211; 067\/309-641<\/li>\n<li>dr Olivera Mentovi\u0107 &#8211; 067\/125-174<br \/>\nScheduling patients for the above mentioned doctors:<\/p>\n<ul>\n<li style=\"margin-top: -22px;\">in the I shift from 07:00 to 09:00 h<\/li>\n<li>in the II shift from 14:00 to 16:00 h.<\/li>\n<\/ul>\n<\/li>\n<li>dr Dragan Maksimovi\u0107<br \/>\nScheduling patients:<\/p>\n<ul>\n<li style=\"margin-top: -22px;\">in the I shift from 09:00 to 11:30h<\/li>\n<li>in the II shift from 14:00 to 16:00 h.<\/li>\n<\/ul>\n<\/li>\n<\/ul>\n<p><b>Occupational medicine:<\/b><\/p>\n<ul>\n<li>dr Aleksandra Kolund\u017ei\u0107<\/li>\n<\/ul>\n<p>1. Internal medicine infirmary: 067\/002-593<br \/>\n2. X-ray and ultrasound diagnostics: 067\/002-591<br \/>\n3. Ophthalmology infirmary: 067\/002-594<br \/>\n4. Physical therapy unit (DZ Herceg Novi): &#8211; 067\/300-546<br \/>\n5. Hygienic and epidemiological service (HES): &#8211; 067\/072-068<\/p>\n<ul>\n<li>Head nurse: Petranka Arsova &#8211; 031\/343-154<\/li>\n<li>PR Manager of the Health Center: Jelena G. \u0160tibohar &#8211; 067\/745-222<\/li>\n<li>Director&#8217;s secretary &#8211; 031\/343-155<\/li>\n<\/ul>\n<p id=\"velika\"><iframe loading=\"lazy\" style=\"border: 0;\" src=\"https:\/\/www.google.com\/maps\/embed?pb=!1m18!1m12!1m3!1d2943.5434214615184!2d18.52529821502798!3d42.458729779180366!2m3!1f0!2f0!3f0!3m2!1i1024!2i768!4f13.1!3m3!1m2!1s0x134c3b7f3bde7e09%3A0x26a8d0b2b9a342f7!2sHealth+Centre!5e0!3m2!1sen!2s!4v1464280981744\" width=\"680\" height=\"300\" frameborder=\"0\" allowfullscreen=\"allowfullscreen\"><\/iframe><\/p>\n<p id=\"srednja\"><iframe loading=\"lazy\" style=\"border: 0;\" src=\"https:\/\/www.google.com\/maps\/embed?pb=!1m18!1m12!1m3!1d2943.5434214615184!2d18.52529821502798!3d42.458729779180366!2m3!1f0!2f0!3f0!3m2!1i1024!2i768!4f13.1!3m3!1m2!1s0x134c3b7f3bde7e09%3A0x26a8d0b2b9a342f7!2sHealth+Centre!5e0!3m2!1sen!2s!4v1464280981744\" width=\"480\" height=\"250\" frameborder=\"0\" allowfullscreen=\"allowfullscreen\"><\/iframe><\/p>\n<p id=\"mala\"><iframe loading=\"lazy\" style=\"border: 0;\" src=\"https:\/\/www.google.com\/maps\/embed?pb=!1m18!1m12!1m3!1d2943.5434214615184!2d18.52529821502798!3d42.458729779180366!2m3!1f0!2f0!3f0!3m2!1i1024!2i768!4f13.1!3m3!1m2!1s0x134c3b7f3bde7e09%3A0x26a8d0b2b9a342f7!2sHealth+Centre!5e0!3m2!1sen!2s!4v1464280981744\" width=\"350\" height=\"180\" frameborder=\"0\" allowfullscreen=\"allowfullscreen\"><\/iframe><\/p>\n<h3>Contact form:<\/h3>\n\n<div class=\"wpcf7 no-js\" id=\"wpcf7-f329-o1\" lang=\"en-US\" dir=\"ltr\" data-wpcf7-id=\"329\">\n<div class=\"screen-reader-response\"><p role=\"status\" aria-live=\"polite\" aria-atomic=\"true\"><\/p> <ul><\/ul><\/div>\n<form action=\"\/eng\/wp-json\/wp\/v2\/pages\/32#wpcf7-f329-o1\" method=\"post\" class=\"wpcf7-form init\" aria-label=\"Contact form\" novalidate=\"novalidate\" data-status=\"init\">\n<fieldset class=\"hidden-fields-container\"><input type=\"hidden\" name=\"_wpcf7\" value=\"329\" \/><input type=\"hidden\" name=\"_wpcf7_version\" value=\"6.1.2\" \/><input type=\"hidden\" name=\"_wpcf7_locale\" value=\"en_US\" \/><input type=\"hidden\" name=\"_wpcf7_unit_tag\" value=\"wpcf7-f329-o1\" \/><input type=\"hidden\" name=\"_wpcf7_container_post\" value=\"0\" \/><input type=\"hidden\" name=\"_wpcf7_posted_data_hash\" value=\"\" \/><input type=\"hidden\" name=\"_wpcf7_recaptcha_response\" value=\"\" \/>\n<\/fieldset>\n<p>Your Name (required)\n<\/p>\n<p><span class=\"wpcf7-form-control-wrap\" data-name=\"your-name\"><input size=\"40\" maxlength=\"400\" class=\"wpcf7-form-control wpcf7-text wpcf7-validates-as-required\" aria-required=\"true\" aria-invalid=\"false\" value=\"\" type=\"text\" name=\"your-name\" \/><\/span>\n<\/p>\n<p>Your Email (required)\n<\/p>\n<p><span class=\"wpcf7-form-control-wrap\" data-name=\"your-email\"><input size=\"40\" maxlength=\"400\" class=\"wpcf7-form-control wpcf7-email wpcf7-validates-as-required wpcf7-text wpcf7-validates-as-email\" aria-required=\"true\" aria-invalid=\"false\" value=\"\" type=\"email\" name=\"your-email\" \/><\/span>\n<\/p>\n<p>Subject\n<\/p>\n<p><span class=\"wpcf7-form-control-wrap\" data-name=\"your-subject\"><input size=\"40\" maxlength=\"400\" class=\"wpcf7-form-control wpcf7-text\" aria-invalid=\"false\" value=\"\" type=\"text\" name=\"your-subject\" \/><\/span>\n<\/p>\n<p>Your Message\n<\/p>\n<p><span class=\"wpcf7-form-control-wrap\" data-name=\"your-message\"><textarea cols=\"40\" rows=\"10\" maxlength=\"2000\" class=\"wpcf7-form-control wpcf7-textarea\" aria-invalid=\"false\" name=\"your-message\"><\/textarea><\/span>\n<\/p>\n<p><input class=\"wpcf7-form-control wpcf7-submit has-spinner\" type=\"submit\" value=\"Send\" \/>\n<\/p><p style=\"display: none !important;\" class=\"akismet-fields-container\" data-prefix=\"_wpcf7_ak_\"><label>&#916;<textarea name=\"_wpcf7_ak_hp_textarea\" cols=\"45\" rows=\"8\" maxlength=\"100\"><\/textarea><\/label><input type=\"hidden\" id=\"ak_js_1\" name=\"_wpcf7_ak_js\" value=\"246\"\/><script>document.getElementById( \"ak_js_1\" ).setAttribute( \"value\", ( new Date() ).getTime() );<\/script><\/p><div class=\"wpcf7-response-output\" aria-hidden=\"true\"><\/div>\n<\/form>\n<\/div>\n\n<\/div>\n<p><!-- \/.columns small-12 --><\/p>\n<\/div>\n<p><!-- \/.row --><\/p>\n","protected":false},"excerpt":{"rendered":"<p>Public health institution, Health center Herceg Novi Working hours: 07:00 &#8211; 21:00 1. The central building of the Health Center Herceg-Novi: Street: Nikole Ljubibratica 1 Phone: 031 343-111 Fax: 031 343-027 Info pult &#8211; telefon\/Viber: 067\/743-444 Department numbers: Call center &#8211; 110 Internist Ambulance &#8211; 116 RTG &#8211; 118 Physical therapy &#8211; 119 Department for [&hellip;]<\/p>\n","protected":false},"author":2,"featured_media":0,"parent":0,"menu_order":0,"comment_status":"closed","ping_status":"closed","template":"template-contact.php","meta":{"footnotes":""},"class_list":["post-32","page","type-page","status-publish","hentry"],"_links":{"self":[{"href":"http:\/\/domzdravljahn.me\/eng\/wp-json\/wp\/v2\/pages\/32","targetHints":{"allow":["GET"]}}],"collection":[{"href":"http:\/\/domzdravljahn.me\/eng\/wp-json\/wp\/v2\/pages"}],"about":[{"href":"http:\/\/domzdravljahn.me\/eng\/wp-json\/wp\/v2\/types\/page"}],"author":[{"embeddable":true,"href":"http:\/\/domzdravljahn.me\/eng\/wp-json\/wp\/v2\/users\/2"}],"replies":[{"embeddable":true,"href":"http:\/\/domzdravljahn.me\/eng\/wp-json\/wp\/v2\/comments?post=32"}],"version-history":[{"count":46,"href":"http:\/\/domzdravljahn.me\/eng\/wp-json\/wp\/v2\/pages\/32\/revisions"}],"predecessor-version":[{"id":572,"href":"http:\/\/domzdravljahn.me\/eng\/wp-json\/wp\/v2\/pages\/32\/revisions\/572"}],"wp:attachment":[{"href":"http:\/\/domzdravljahn.me\/eng\/wp-json\/wp\/v2\/media?parent=32"}],"curies":[{"name":"wp","href":"https:\/\/api.w.org\/{rel}","templated":true}]}}